{"id":31172,"date":"2024-10-30T17:32:35","date_gmt":"2024-10-30T09:32:35","guid":{"rendered":"https:\/\/www.webpowerx.com\/?page_id=31172"},"modified":"2025-06-10T18:35:14","modified_gmt":"2025-06-10T10:35:14","slug":"sobre-nos","status":"publish","type":"page","link":"https:\/\/www.webpowerx.com\/pt\/sobre-nos\/","title":{"rendered":"n\u00f3s"},"content":{"rendered":"<div data-elementor-type=\"wp-page\" data-elementor-id=\"31172\" class=\"elementor elementor-31172\">\n\t\t\t\t<div class=\"elementor-element elementor-element-a0a8960 e-con-full e-flex e-con e-parent\" data-id=\"a0a8960\" data-element_type=\"container\" data-settings=\"{&quot;background_background&quot;:&quot;classic&quot;}\">\n\t\t<div class=\"elementor-element elementor-element-c752037 e-con-full e-flex e-con e-child\" data-id=\"c752037\" data-element_type=\"container\" data-settings=\"{&quot;background_background&quot;:&quot;classic&quot;}\">\n\t\t<div class=\"elementor-element elementor-element-58d49a7 e-con-full e-flex e-con e-child\" data-id=\"58d49a7\" data-element_type=\"container\">\n\t\t\t\t<div class=\"elementor-element elementor-element-f0083cd elementor-widget__width-initial animated-fast elementor-invisible elementor-widget elementor-widget-elementskit-heading\" data-id=\"f0083cd\" data-element_type=\"widget\" data-settings=\"{&quot;_animation&quot;:&quot;fadeIn&quot;,&quot;_animation_delay&quot;:100,&quot;ekit_we_effect_on&quot;:&quot;none&quot;}\" data-widget_type=\"elementskit-heading.default\">\n\t\t\t\t<div class=\"elementor-widget-container\">\n\t\t\t\t\t<div class=\"ekit-wid-con\" ><div class=\"ekit-heading elementskit-section-title-wraper text_left   ekit_heading_tablet-   ekit_heading_mobile-\"><h6 class=\"elementskit-section-subtitle  elementskit-style-border\">\n\t\t\t\t\t\tSobre n\u00f3s\n\t\t\t\t\t<\/h6><h1 class=\"ekit-heading--title elementskit-section-title\">WebpowerX<\/h1><\/div><\/div>\t\t\t\t<\/div>\n\t\t\t\t<\/div>\n\t\t<div class=\"elementor-element elementor-element-1a115f6 e-con-full e-flex elementor-invisible e-con e-child\" data-id=\"1a115f6\" data-element_type=\"container\" data-settings=\"{&quot;animation&quot;:&quot;fadeIn&quot;,&quot;animation_delay&quot;:200}\">\n\t\t\t\t<div class=\"elementor-element elementor-element-9fa5d6e elementor-widget elementor-widget-elementskit-heading\" data-id=\"9fa5d6e\" data-element_type=\"widget\" data-settings=\"{&quot;ekit_we_effect_on&quot;:&quot;css&quot;}\" data-widget_type=\"elementskit-heading.default\">\n\t\t\t\t<div class=\"elementor-widget-container\">\n\t\t\t\t\t<div class=\"ekit-wid-con\" ><div class=\"ekit-heading elementskit-section-title-wraper text_left   ekit_heading_tablet-   ekit_heading_mobile-\">\t\t\t\t<div class='ekit-heading__description'>\n\t\t\t\t\t<p>Com o conceito de \"Smart Marketing\", a WebpowerX tem como objetivo:<br \/>marketing orientado para a tecnologia, para que as empresas explorem profundamente o valor dos membros.<br \/>Ajudar as empresas a criar um mapa de \"marketing inteligente\", extens\u00e3o ilimitada da imagina\u00e7\u00e3o de marketing dos membros.<\/p>\n\t\t\t\t<\/div>\n\t\t\t<\/div><\/div>\t\t\t\t<\/div>\n\t\t\t\t<\/div>\n\t\t\t\t<\/div>\n\t\t\t\t<\/div>\n\t\t\t\t<\/div>\n\t\t<div data-ekitparallax=\"{&quot;ekit_section_parallax_bg&quot;:&quot;yes&quot;,&quot;ekit_section_parallax_bg_speed&quot;:0.8,&quot;elementor_lazy_load&quot;:&quot;1&quot;}\" class=\"elementor-element elementor-element-d9de40b e-con-full elementor-hidden-tablet elementor-hidden-mobile e-flex elementor-invisible e-con e-child\" data-id=\"d9de40b\" data-element_type=\"container\" data-settings=\"{&quot;background_background&quot;:&quot;classic&quot;,&quot;animation&quot;:&quot;slideInDown&quot;}\">\n\t\t\t\t<\/div>\n\t\t\t\t<\/div>\n\t\t<div class=\"elementor-element elementor-element-75e62c0c e-flex e-con-boxed e-con e-parent\" data-id=\"75e62c0c\" data-element_type=\"container\" data-settings=\"{&quot;background_background&quot;:&quot;classic&quot;}\">\n\t\t\t\t\t<div class=\"e-con-inner\">\n\t\t<div class=\"elementor-element elementor-element-48e29852 e-con-full e-flex e-con e-child\" data-id=\"48e29852\" data-element_type=\"container\">\n\t\t<div class=\"elementor-element elementor-element-2e1b95c7 e-con-full elementor-hidden-mobile e-flex e-con e-child\" data-id=\"2e1b95c7\" data-element_type=\"container\" data-settings=\"{&quot;background_background&quot;:&quot;classic&quot;}\">\n\t\t\t\t<\/div>\n\t\t<div class=\"elementor-element elementor-element-7b9e0f1e e-con-full e-flex e-con e-child\" data-id=\"7b9e0f1e\" data-element_type=\"container\">\n\t\t\t\t<div class=\"elementor-element elementor-element-54bf645f animated-fast elementor-widget__width-initial elementor-invisible elementor-widget elementor-widget-elementskit-heading\" data-id=\"54bf645f\" data-element_type=\"widget\" data-settings=\"{&quot;_animation&quot;:&quot;fadeIn&quot;,&quot;_animation_delay&quot;:100,&quot;ekit_we_effect_on&quot;:&quot;none&quot;}\" data-widget_type=\"elementskit-heading.default\">\n\t\t\t\t<div class=\"elementor-widget-container\">\n\t\t\t\t\t<div class=\"ekit-wid-con\" ><div class=\"ekit-heading elementskit-section-title-wraper text_left   ekit_heading_tablet-   ekit_heading_mobile-\"><h3 class=\"ekit-heading--title elementskit-section-title\">L\u00edder mundial <span><span>Provedor de servi\u00e7os de marketing inteligente omnichannel para membros<\/span><\/span> <\/h3>\t\t\t\t<div class='ekit-heading__description'>\n\t\t\t\t\t<p>A marca WebpowerX herda da Webpower, fundada na Holanda em 1999. Em 2005, a Webpower (Xangai) Information Technology Co., Ltd. iniciou oficialmente suas opera\u00e7\u00f5es na China. Em 2018, a administra\u00e7\u00e3o concluiu uma aquisi\u00e7\u00e3o estrat\u00e9gica (MBO) para assumir totalmente o neg\u00f3cio chin\u00eas e atualizou a Shanghai Xiaomu Information Technology Co., Ltd. como entidade operacional. Atualmente temos 6 filiais globais.<\/p>\n<p>Como provedor de servi\u00e7os de marketing inteligente omnichannel para membros, a WebpowerX continua a aprofundar sua presen\u00e7a na China, focando nas necessidades multidimensionais de marketing das empresas. Em 2018, lan\u00e7amos o sistema \"Smart Marketing\", fornecendo solu\u00e7\u00f5es de ciclo fechado desde a conectividade de dados omnichannel at\u00e9 a automa\u00e7\u00e3o de marketing e desenvolvimento personalizado por cen\u00e1rio.<\/p>\n<p>Atendemos 10 grandes ind\u00fastrias, incluindo varejo, TI e finan\u00e7as, com clientes como Starbucks, Sony e China Eastern Airlines, ajudando-os a explorar profundamente o valor dos membros e construir um ecossistema de marketing inteligente.<\/p>\n\t\t\t\t<\/div>\n\t\t\t<\/div><\/div>\t\t\t\t<\/div>\n\t\t\t\t<\/div>\n\t\t\t\t<\/div>\n\t\t\t\t<div class=\"elementor-element elementor-element-05b04f0 elementor-hidden-desktop elementor-hidden-tablet elementor-widget elementor-widget-image\" data-id=\"05b04f0\" data-element_type=\"widget\" data-settings=\"{&quot;ekit_we_effect_on&quot;:&quot;none&quot;}\" data-widget_type=\"image.default\">\n\t\t\t\t<div class=\"elementor-widget-container\">\n\t\t\t\t\t\t\t\t\t\t\t\t\t\t\t<img fetchpriority=\"high\" decoding=\"async\" width=\"1024\" height=\"724\" src=\"https:\/\/www.webpowerx.com\/wp-content\/uploads\/2024\/10\/8.jpg\" class=\"attachment-large size-large wp-image-26528\" alt=\"\" \/>\t\t\t\t\t\t\t\t\t\t\t\t\t\t\t<\/div>\n\t\t\t\t<\/div>\n\t\t\t\t<\/div>\n\t\t\t\t\t<\/div>\n\t\t\t\t<\/div>\n\t\t<div class=\"elementor-element elementor-element-f4a66ed e-flex e-con-boxed e-con e-parent\" data-id=\"f4a66ed\" data-element_type=\"container\" data-settings=\"{&quot;background_background&quot;:&quot;classic&quot;}\">\n\t\t\t\t\t<div class=\"e-con-inner\">\n\t\t<div class=\"elementor-element elementor-element-4346fab e-con-full e-flex e-con e-child\" data-id=\"4346fab\" data-element_type=\"container\">\n\t\t<div class=\"elementor-element elementor-element-6f6de9f e-con-full e-flex e-con e-child\" data-id=\"6f6de9f\" data-element_type=\"container\">\n\t\t<div class=\"elementor-element elementor-element-a84ba14 e-con-full e-flex e-con e-child\" data-id=\"a84ba14\" data-element_type=\"container\">\n\t\t\t\t<div class=\"elementor-element elementor-element-9edd24b ekit-equal-height-disable elementor-widget elementor-widget-elementskit-icon-box\" data-id=\"9edd24b\" data-element_type=\"widget\" data-settings=\"{&quot;ekit_we_effect_on&quot;:&quot;none&quot;}\" data-widget_type=\"elementskit-icon-box.default\">\n\t\t\t\t<div class=\"elementor-widget-container\">\n\t\t\t\t\t<div class=\"ekit-wid-con\" >        <!-- link opening -->\n                <!-- end link opening -->\n\n        <div class=\"elementskit-infobox text-left text-left icon-lef-right-aligin elementor-animation- media\">\n                    <div class=\"elementskit-box-header elementor-animation-\">\n                <div class=\"elementskit-info-box-icon  text-center\">\n                    <i aria-hidden=\"true\" class=\"elementkit-infobox-icon icon icon-communication\"><\/i>\n                <\/div>\n          <\/div>\n                        <div class=\"box-body\">\n                            <h4 class=\"elementskit-info-box-title\">\n                    Mais de 20 anos de experi\u00eancia no sector das tecnologias de marketing                <\/h4>\n                                            <\/div>\n        \n        \n                <\/div>\n        <\/div>\t\t\t\t<\/div>\n\t\t\t\t<\/div>\n\t\t\t\t<\/div>\n\t\t<div class=\"elementor-element elementor-element-df74e3d e-con-full e-flex e-con e-child\" data-id=\"df74e3d\" data-element_type=\"container\">\n\t\t\t\t<div class=\"elementor-element elementor-element-a24ca9c ekit-equal-height-disable elementor-widget elementor-widget-elementskit-icon-box\" data-id=\"a24ca9c\" data-element_type=\"widget\" data-settings=\"{&quot;ekit_we_effect_on&quot;:&quot;none&quot;}\" data-widget_type=\"elementskit-icon-box.default\">\n\t\t\t\t<div class=\"elementor-widget-container\">\n\t\t\t\t\t<div class=\"ekit-wid-con\" >        <!-- link opening -->\n                <!-- end link opening -->\n\n        <div class=\"elementskit-infobox text- text-left icon-lef-right-aligin elementor-animation- media\">\n                    <div class=\"elementskit-box-header elementor-animation-\">\n                <div class=\"elementskit-info-box-icon  text-center\">\n                    <i aria-hidden=\"true\" class=\"elementkit-infobox-icon icon icon-globe\"><\/i>\n                <\/div>\n          <\/div>\n                        <div class=\"box-body\">\n                            <h4 class=\"elementskit-info-box-title\">\n                    6 escrit\u00f3rios em todo o mundo                <\/h4>\n                                            <\/div>\n        \n        \n                <\/div>\n        <\/div>\t\t\t\t<\/div>\n\t\t\t\t<\/div>\n\t\t\t\t<\/div>\n\t\t<div class=\"elementor-element elementor-element-25ecfab e-con-full e-flex e-con e-child\" data-id=\"25ecfab\" data-element_type=\"container\">\n\t\t\t\t<div class=\"elementor-element elementor-element-b3c3a46 ekit-equal-height-disable elementor-widget elementor-widget-elementskit-icon-box\" data-id=\"b3c3a46\" data-element_type=\"widget\" data-settings=\"{&quot;ekit_we_effect_on&quot;:&quot;none&quot;}\" data-widget_type=\"elementskit-icon-box.default\">\n\t\t\t\t<div class=\"elementor-widget-container\">\n\t\t\t\t\t<div class=\"ekit-wid-con\" >        <!-- link opening -->\n                <!-- end link opening -->\n\n        <div class=\"elementskit-infobox text- text-left icon-lef-right-aligin elementor-animation- media\">\n                    <div class=\"elementskit-box-header elementor-animation-\">\n                <div class=\"elementskit-info-box-icon  text-center\">\n                    <i aria-hidden=\"true\" class=\"elementkit-infobox-icon icon icon-badge\"><\/i>\n                <\/div>\n          <\/div>\n                        <div class=\"box-body\">\n                            <h4 class=\"elementskit-info-box-title\">\n                    Mais de 1000 clientes                <\/h4>\n                                            <\/div>\n        \n        \n                <\/div>\n        <\/div>\t\t\t\t<\/div>\n\t\t\t\t<\/div>\n\t\t\t\t<\/div>\n\t\t\t\t<\/div>\n\t\t\t\t<\/div>\n\t\t\t\t\t<\/div>\n\t\t\t\t<\/div>\n\t\t<div class=\"elementor-element elementor-element-aa2c178 sticky-section e-flex e-con-boxed e-con e-parent\" data-id=\"aa2c178\" data-element_type=\"container\" data-settings=\"{&quot;background_background&quot;:&quot;classic&quot;}\">\n\t\t\t\t\t<div class=\"e-con-inner\">\n\t\t<div class=\"elementor-element elementor-element-92b647f e-con-full e-flex e-con e-child\" data-id=\"92b647f\" data-element_type=\"container\">\n\t\t<div class=\"elementor-element elementor-element-8dc7c3b e-con-full e-flex e-con e-child\" data-id=\"8dc7c3b\" data-element_type=\"container\" data-settings=\"{&quot;background_background&quot;:&quot;gradient&quot;}\">\n\t\t\t\t<div class=\"elementor-element elementor-element-378bf05 animated-fast elementor-widget__width-initial elementor-invisible elementor-widget elementor-widget-elementskit-heading\" data-id=\"378bf05\" data-element_type=\"widget\" data-settings=\"{&quot;_animation&quot;:&quot;fadeIn&quot;,&quot;_animation_delay&quot;:100,&quot;ekit_we_effect_on&quot;:&quot;none&quot;}\" data-widget_type=\"elementskit-heading.default\">\n\t\t\t\t<div class=\"elementor-widget-container\">\n\t\t\t\t\t<div class=\"ekit-wid-con\" ><div class=\"ekit-heading elementskit-section-title-wraper text_left   ekit_heading_tablet-   ekit_heading_mobile-\"><h2 class=\"ekit-heading--title elementskit-section-title\"><span><span>A nossa miss\u00e3o<\/span><\/span><\/h2>\t\t\t\t<div class='ekit-heading__description'>\n\t\t\t\t\t<p><span>Capacitar as organiza\u00e7\u00f5es para atingirem os seus objectivos de neg\u00f3cio, combinando a inova\u00e7\u00e3o tecnol\u00f3gica com a transforma\u00e7\u00e3o do marketing. Combinando o pensamento tecnol\u00f3gico avan\u00e7ado com pr\u00e1ticas estrat\u00e9gicas de marketing, permitimos que as organiza\u00e7\u00f5es alcancem resultados excepcionais na era digital.<\/span><\/p>\n\t\t\t\t<\/div>\n\t\t\t<\/div><\/div>\t\t\t\t<\/div>\n\t\t\t\t<\/div>\n\t\t\t\t<\/div>\n\t\t\t\t<\/div>\n\t\t\t\t\t<\/div>\n\t\t\t\t<\/div>\n\t\t\t\t<\/div>","protected":false},"excerpt":{"rendered":"<p>About Us WebpowerX \u79c9\u627f\u201d\u667a\u6167\u8425\u9500\u201d\u7684\u7406\u5ff5\uff0cWebpowerX\u7684\u76ee\u6807\u662f\uff1a\u4ee5\u6280\u672f\u9a71\u52a8\u8425\u9500\uff0c\u4e3a\u4f01 [&hellip;]<\/p>","protected":false},"author":4,"featured_media":0,"parent":0,"menu_order":0,"comment_status":"closed","ping_status":"closed","template":"","meta":{"footnotes":""},"class_list":["post-31172","page","type-page","status-publish","hentry"],"aioseo_notices":[],"_links":{"self":[{"href":"https:\/\/www.webpowerx.com\/pt\/wp-json\/wp\/v2\/pages\/31172","targetHints":{"allow":["GET"]}}],"collection":[{"href":"https:\/\/www.webpowerx.com\/pt\/wp-json\/wp\/v2\/pages"}],"about":[{"href":"https:\/\/www.webpowerx.com\/pt\/wp-json\/wp\/v2\/types\/page"}],"author":[{"embeddable":true,"href":"https:\/\/www.webpowerx.com\/pt\/wp-json\/wp\/v2\/users\/4"}],"replies":[{"embeddable":true,"href":"https:\/\/www.webpowerx.com\/pt\/wp-json\/wp\/v2\/comments?post=31172"}],"version-history":[{"count":43,"href":"https:\/\/www.webpowerx.com\/pt\/wp-json\/wp\/v2\/pages\/31172\/revisions"}],"predecessor-version":[{"id":35637,"href":"https:\/\/www.webpowerx.com\/pt\/wp-json\/wp\/v2\/pages\/31172\/revisions\/35637"}],"wp:attachment":[{"href":"https:\/\/www.webpowerx.com\/pt\/wp-json\/wp\/v2\/media?parent=31172"}],"curies":[{"name":"wp","href":"https:\/\/api.w.org\/{rel}","templated":true}]}}